{"id":34,"date":"2024-02-09T09:03:32","date_gmt":"2024-02-09T09:03:32","guid":{"rendered":"http:\/\/app-wp-barebones-breakdance.b84yvqhaas-gjy3mqjlg68q.p.temp-site.link\/about\/"},"modified":"2025-11-15T19:15:07","modified_gmt":"2025-11-15T19:15:07","slug":"about","status":"publish","type":"page","link":"https:\/\/hcts-consulting.eu\/es\/about\/","title":{"rendered":"Quienes Somos"},"content":{"rendered":"<section class=\"bde-section-34-100 bde-section\">\n  \n\t\n\n\n\n<div class=\"section-container\"><div class=\"bde-text-34-101 bde-text\">\nSobre Nosotros\n<\/div><div class=\"bde-fancy-divider-34-102 bde-fancy-divider\">\n\n\n<div class=\"bde-fancy-divider__wrapper\">\n  <div class=\"bde-fancy-divider__separator\">\n  \t  <\/div>\n<\/div>\n\n<\/div><h1 class=\"bde-heading-34-103 bde-heading\">\nQuienes Somos\n<\/h1><div class=\"bde-text-34-104 bde-text\">\nEstamos comprometidos a brindar experiencia y soluciones de software para proyectos que contribuyan a lograr redes m\u00e1s resilientes y seguras.\n<\/div><\/div>\n<\/section><section class=\"bde-section-34-261 bde-section\">\n  \n\t\n\n\n\n<div class=\"section-container\"><div class=\"bde-div-34-263 bde-div\">\n  \n\t\n\n\n\n<div class=\"bde-text-34-264 bde-text\">\nalcance mundial\n<\/div><h2 class=\"bde-heading-34-265 bde-heading\">\nnuestros proyectos globales\n<\/h2><div class=\"bde-text-34-266 bde-text\">\nUna selecci\u00f3n de proyectos exitosos en los que hemos participado como consultores.\u00a0\u00a0\n<\/div>\n<\/div><div class=\"bde-image-34-262 bde-image\">\n  \n\n\n\n\n\n<figure class=\"breakdance-image breakdance-image--226\">\n\t<div class=\"breakdance-image-container\">\n\t\t<div class=\"breakdance-image-clip\">\n\t\t\t\n\t\t\t\t\n\t\t\t\t\t      \n  \n  \n  \n  \n      \n      <img loading=\"lazy\" decoding=\"async\"\n      class=\"breakdance-image-object\"\n      src=\"https:\/\/hcts-consulting.eu\/wp-content\/uploads\/2024\/04\/HCTS-worldmap-projects-ES-v2@2x.png\"\n      width=\"2500\"\n      height=\"1501\"\n      \n      \n                                    srcset=\"https:\/\/hcts-consulting.eu\/wp-content\/uploads\/2024\/04\/HCTS-worldmap-projects-ES-v2@2x.png 2500w, https:\/\/hcts-consulting.eu\/wp-content\/uploads\/2024\/04\/HCTS-worldmap-projects-ES-v2@2x-300x180.png 300w, https:\/\/hcts-consulting.eu\/wp-content\/uploads\/2024\/04\/HCTS-worldmap-projects-ES-v2@2x-1024x615.png 1024w, https:\/\/hcts-consulting.eu\/wp-content\/uploads\/2024\/04\/HCTS-worldmap-projects-ES-v2@2x-768x461.png 768w, https:\/\/hcts-consulting.eu\/wp-content\/uploads\/2024\/04\/HCTS-worldmap-projects-ES-v2@2x-1536x922.png 1536w, https:\/\/hcts-consulting.eu\/wp-content\/uploads\/2024\/04\/HCTS-worldmap-projects-ES-v2@2x-2048x1230.png 2048w, https:\/\/hcts-consulting.eu\/wp-content\/uploads\/2024\/04\/HCTS-worldmap-projects-ES-v2@2x-18x12.png 18w\"\n                                                                      >\n  \n\n\t\t\t\t\t\n\t\t\t\t\t\t<\/div>\n\t<\/div>\n\n\t<\/figure>\n\n<\/div><\/div>\n<\/section><section id=\"company-timeline\" class=\"bde-section-34-155 bde-section\">\n  \n\t\n\n\n\n<div class=\"section-container\"><div class=\"bde-div-34-156 bde-div\">\n  \n\t\n\n\n\n<div class=\"bde-text-34-157 bde-text\">\nc\u00f3mo trabajamos\n<\/div><h2 class=\"bde-heading-34-158 bde-heading\">\nNuestra trayectoria\n<\/h2><div class=\"bde-text-34-159 bde-text\">\n\n<\/div>\n<\/div><div class=\"bde-columns-34-162 bde-columns\"><div class=\"bde-column-34-163 bde-column\">\n  \n\t\n\n\n\n<div class=\"bde-text-34-166 bde-text\">\n2018\n<\/div><div class=\"bde-icon-34-167 bde-icon\">\n\n    \n            <div class=\"bde-icon-icon breakdance-icon-atom\" >\n    \n                    <svg xmlns=\"http:\/\/www.w3.org\/2000\/svg\" width=\"15\" height=\"16\" viewbox=\"0 0 15 16\" fill=\"none\">\r\n<circle cx=\"7.5\" cy=\"8\" r=\"7\" fill=\"#F7F7F7\" stroke=\"#C1C1C1\"\/>\r\n<circle cx=\"7.5\" cy=\"8\" r=\"3.75\" fill=\"#F5634A\"\/>\r\n<\/svg>\n        \n        \n        \n            <\/div>\n    \n\n\n<\/div><h3 class=\"bde-heading-34-168 bde-heading\">\nProyectos iniciales\n<\/h3><div class=\"bde-text-34-169 bde-text\">\nApoyo a empresas de ingenier\u00eda y construcci\u00f3n en c\u00e1lculos y simulaci\u00f3n en proyectos energ\u00e9ticos.<br>\n<\/div>\n<\/div><div class=\"bde-column-34-170 bde-column\">\n  \n\t\n\n\n\n<div class=\"bde-text-34-171 bde-text\">\n2019\n<\/div><div class=\"bde-icon-34-172 bde-icon\">\n\n    \n            <div class=\"bde-icon-icon breakdance-icon-atom\" >\n    \n                    <svg xmlns=\"http:\/\/www.w3.org\/2000\/svg\" width=\"15\" height=\"16\" viewbox=\"0 0 15 16\" fill=\"none\">\r\n<circle cx=\"7.5\" cy=\"8\" r=\"7\" fill=\"#F7F7F7\" stroke=\"#C1C1C1\"\/>\r\n<circle cx=\"7.5\" cy=\"8\" r=\"3.75\" fill=\"#F5634A\"\/>\r\n<\/svg>\n        \n        \n        \n            <\/div>\n    \n\n\n<\/div><h3 class=\"bde-heading-34-173 bde-heading\">\ndesarrollo del proyecto\n<\/h3><div class=\"bde-text-34-174 bde-text\">\nModelos paneuropeos de \u00e9xito para ENTSO-E. Desarrollo de scripting dedicado para modelos CGMES. Soporte del modelo BZR-LMP\u00a0\n<\/div>\n<\/div><div class=\"bde-column-34-175 bde-column\">\n  \n\t\n\n\n\n<div class=\"bde-text-34-176 bde-text\">\n2022 - 2025\n<\/div><div class=\"bde-icon-34-177 bde-icon\">\n\n    \n            <div class=\"bde-icon-icon breakdance-icon-atom\" >\n    \n                    <svg xmlns=\"http:\/\/www.w3.org\/2000\/svg\" width=\"15\" height=\"16\" viewbox=\"0 0 15 16\" fill=\"none\">\r\n<circle cx=\"7.5\" cy=\"8\" r=\"7\" fill=\"#F7F7F7\" stroke=\"#C1C1C1\"\/>\r\n<circle cx=\"7.5\" cy=\"8\" r=\"3.75\" fill=\"#F5634A\"\/>\r\n<\/svg>\n        \n        \n        \n            <\/div>\n    \n\n\n<\/div><h3 class=\"bde-heading-34-178 bde-heading\">\nConsejos de expertos\n<\/h3><div class=\"bde-text-34-179 bde-text\">\nFormaci\u00f3n de planificadores de sistemas. Estudios completos de protecci\u00f3n y arco el\u00e9ctrico.<br>UCTE model validation for CE- Ukraine interconnection.\n<\/div>\n<\/div><\/div><\/div>\n<\/section>","protected":false},"excerpt":{"rendered":"<p>who we are About We are commited to providing expertise and software solutions for projects that contribute to more resilient and safer grids. worldwide reach our Global Projects A selection of successful projects in which we have participated as consultants.\u00a0\u00a0 how we operate Our Trajectory 2018 Initial Projects Support for engineering and construction companies in [&hellip;]<\/p>","protected":false},"author":2,"featured_media":0,"parent":0,"menu_order":0,"comment_status":"closed","ping_status":"closed","template":"","meta":{"_breakdance_hide_in_design_set":false,"_breakdance_tags":"","footnotes":""},"class_list":["post-34","page","type-page","status-publish","hentry"],"yoast_head":"<!-- This site is optimized with the Yoast SEO plugin v22.4 - https:\/\/yoast.com\/wordpress\/plugins\/seo\/ -->\n<title>About - HCTS<\/title>\n<meta name=\"robots\" content=\"index, follow, max-snippet:-1, max-image-preview:large, max-video-preview:-1\" \/>\n<link rel=\"canonical\" href=\"https:\/\/hcts-consulting.eu\/es\/about\/\" \/>\n<meta property=\"og:locale\" content=\"es_ES\" \/>\n<meta property=\"og:type\" content=\"article\" \/>\n<meta property=\"og:title\" content=\"About - HCTS\" \/>\n<meta property=\"og:description\" content=\"who we are About We are commited to providing expertise and software solutions for projects that contribute to more resilient and safer grids. worldwide reach our Global Projects A selection of successful projects in which we have participated as consultants.\u00a0\u00a0 how we operate Our Trajectory 2018 Initial Projects Support for engineering and construction companies in [&hellip;]\" \/>\n<meta property=\"og:url\" content=\"https:\/\/hcts-consulting.eu\/es\/about\/\" \/>\n<meta property=\"og:site_name\" content=\"HCTS\" \/>\n<meta property=\"article:modified_time\" content=\"2025-11-15T19:15:07+00:00\" \/>\n<meta name=\"twitter:card\" content=\"summary_large_image\" \/>\n<meta name=\"twitter:label1\" content=\"Tiempo de lectura\" \/>\n\t<meta name=\"twitter:data1\" content=\"1 minuto\" \/>\n<script type=\"application\/ld+json\" class=\"yoast-schema-graph\">{\"@context\":\"https:\/\/schema.org\",\"@graph\":[{\"@type\":\"WebPage\",\"@id\":\"https:\/\/hcts-consulting.eu\/about\/\",\"url\":\"https:\/\/hcts-consulting.eu\/about\/\",\"name\":\"About - HCTS\",\"isPartOf\":{\"@id\":\"https:\/\/hcts-consulting.eu\/#website\"},\"datePublished\":\"2024-02-09T09:03:32+00:00\",\"dateModified\":\"2025-11-15T19:15:07+00:00\",\"breadcrumb\":{\"@id\":\"https:\/\/hcts-consulting.eu\/about\/#breadcrumb\"},\"inLanguage\":\"es\",\"potentialAction\":[{\"@type\":\"ReadAction\",\"target\":[\"https:\/\/hcts-consulting.eu\/about\/\"]}]},{\"@type\":\"BreadcrumbList\",\"@id\":\"https:\/\/hcts-consulting.eu\/about\/#breadcrumb\",\"itemListElement\":[{\"@type\":\"ListItem\",\"position\":1,\"name\":\"Portada\",\"item\":\"https:\/\/hcts-consulting.eu\/\"},{\"@type\":\"ListItem\",\"position\":2,\"name\":\"About\"}]},{\"@type\":\"WebSite\",\"@id\":\"https:\/\/hcts-consulting.eu\/#website\",\"url\":\"https:\/\/hcts-consulting.eu\/\",\"name\":\"HCTS\",\"description\":\"Here Comes The Sun\",\"potentialAction\":[{\"@type\":\"SearchAction\",\"target\":{\"@type\":\"EntryPoint\",\"urlTemplate\":\"https:\/\/hcts-consulting.eu\/?s={search_term_string}\"},\"query-input\":\"required name=search_term_string\"}],\"inLanguage\":\"es\"}]}<\/script>\n<!-- \/ Yoast SEO plugin. -->","yoast_head_json":{"title":"About - HCTS","robots":{"index":"index","follow":"follow","max-snippet":"max-snippet:-1","max-image-preview":"max-image-preview:large","max-video-preview":"max-video-preview:-1"},"canonical":"https:\/\/hcts-consulting.eu\/es\/about\/","og_locale":"es_ES","og_type":"article","og_title":"About - HCTS","og_description":"who we are About We are commited to providing expertise and software solutions for projects that contribute to more resilient and safer grids. worldwide reach our Global Projects A selection of successful projects in which we have participated as consultants.\u00a0\u00a0 how we operate Our Trajectory 2018 Initial Projects Support for engineering and construction companies in [&hellip;]","og_url":"https:\/\/hcts-consulting.eu\/es\/about\/","og_site_name":"HCTS","article_modified_time":"2025-11-15T19:15:07+00:00","twitter_card":"summary_large_image","twitter_misc":{"Tiempo de lectura":"1 minuto"},"schema":{"@context":"https:\/\/schema.org","@graph":[{"@type":"WebPage","@id":"https:\/\/hcts-consulting.eu\/about\/","url":"https:\/\/hcts-consulting.eu\/about\/","name":"About - HCTS","isPartOf":{"@id":"https:\/\/hcts-consulting.eu\/#website"},"datePublished":"2024-02-09T09:03:32+00:00","dateModified":"2025-11-15T19:15:07+00:00","breadcrumb":{"@id":"https:\/\/hcts-consulting.eu\/about\/#breadcrumb"},"inLanguage":"es","potentialAction":[{"@type":"ReadAction","target":["https:\/\/hcts-consulting.eu\/about\/"]}]},{"@type":"BreadcrumbList","@id":"https:\/\/hcts-consulting.eu\/about\/#breadcrumb","itemListElement":[{"@type":"ListItem","position":1,"name":"Portada","item":"https:\/\/hcts-consulting.eu\/"},{"@type":"ListItem","position":2,"name":"About"}]},{"@type":"WebSite","@id":"https:\/\/hcts-consulting.eu\/#website","url":"https:\/\/hcts-consulting.eu\/","name":"HCTS","description":"Here Comes The Sun","potentialAction":[{"@type":"SearchAction","target":{"@type":"EntryPoint","urlTemplate":"https:\/\/hcts-consulting.eu\/?s={search_term_string}"},"query-input":"required name=search_term_string"}],"inLanguage":"es"}]}},"_links":{"self":[{"href":"https:\/\/hcts-consulting.eu\/es\/wp-json\/wp\/v2\/pages\/34","targetHints":{"allow":["GET"]}}],"collection":[{"href":"https:\/\/hcts-consulting.eu\/es\/wp-json\/wp\/v2\/pages"}],"about":[{"href":"https:\/\/hcts-consulting.eu\/es\/wp-json\/wp\/v2\/types\/page"}],"author":[{"embeddable":true,"href":"https:\/\/hcts-consulting.eu\/es\/wp-json\/wp\/v2\/users\/2"}],"replies":[{"embeddable":true,"href":"https:\/\/hcts-consulting.eu\/es\/wp-json\/wp\/v2\/comments?post=34"}],"version-history":[{"count":13,"href":"https:\/\/hcts-consulting.eu\/es\/wp-json\/wp\/v2\/pages\/34\/revisions"}],"predecessor-version":[{"id":239,"href":"https:\/\/hcts-consulting.eu\/es\/wp-json\/wp\/v2\/pages\/34\/revisions\/239"}],"wp:attachment":[{"href":"https:\/\/hcts-consulting.eu\/es\/wp-json\/wp\/v2\/media?parent=34"}],"curies":[{"name":"wp","href":"https:\/\/api.w.org\/{rel}","templated":true}]}}