{"id":32,"date":"2024-02-09T09:03:30","date_gmt":"2024-02-09T09:03:30","guid":{"rendered":"http:\/\/app-wp-barebones-breakdance.b84yvqhaas-gjy3mqjlg68q.p.temp-site.link\/construction-consultant\/"},"modified":"2025-11-15T18:49:20","modified_gmt":"2025-11-15T18:49:20","slug":"tsos","status":"publish","type":"page","link":"https:\/\/hcts-consulting.eu\/es\/services\/tsos\/","title":{"rendered":"TSOs"},"content":{"rendered":"<section class=\"bde-section-32-100 bde-section\">\n  \n\t\n\n\n\n<div class=\"section-container\"><div class=\"bde-text-32-101 bde-text\">\nHere comes the sun\n<\/div><div class=\"bde-fancy-divider-32-102 bde-fancy-divider\">\n\n\n<div class=\"bde-fancy-divider__wrapper\">\n  <div class=\"bde-fancy-divider__separator\">\n  \t  <\/div>\n<\/div>\n\n<\/div><h1 class=\"bde-heading-32-103 bde-heading\">\nTSOs<br>\n<\/h1><\/div>\n<\/section><section class=\"bde-section-32-105 bde-section\">\n  \n\t\n\n\n\n<div class=\"section-container\"><div class=\"bde-image-32-106 bde-image\">\n  \n\n\n\n\n\n<figure class=\"breakdance-image breakdance-image--71\">\n\t<div class=\"breakdance-image-container\">\n\t\t<div class=\"breakdance-image-clip\">\n\t\t\t\n\t\t\t\t\n\t\t\t\t\t      \n  \n  \n  \n  \n      \n      <img loading=\"lazy\" decoding=\"async\"\n      class=\"breakdance-image-object\"\n      src=\"https:\/\/hcts-consulting.eu\/wp-content\/uploads\/2024\/02\/andreas-gucklhorn-Ilpf2eUPpUE-unsplash.jpg\"\n      width=\"1080\"\n      height=\"500\"\n      \n      \n                                    srcset=\"https:\/\/hcts-consulting.eu\/wp-content\/uploads\/2024\/02\/andreas-gucklhorn-Ilpf2eUPpUE-unsplash.jpg 1080w, https:\/\/hcts-consulting.eu\/wp-content\/uploads\/2024\/02\/andreas-gucklhorn-Ilpf2eUPpUE-unsplash-300x139.jpg 300w, https:\/\/hcts-consulting.eu\/wp-content\/uploads\/2024\/02\/andreas-gucklhorn-Ilpf2eUPpUE-unsplash-1024x474.jpg 1024w, https:\/\/hcts-consulting.eu\/wp-content\/uploads\/2024\/02\/andreas-gucklhorn-Ilpf2eUPpUE-unsplash-768x356.jpg 768w\"\n                                                                      >\n  \n\n\t\t\t\t\t\n\t\t\t\t\t\t<\/div>\n\t<\/div>\n\n\t<\/figure>\n\n<\/div><h2 class=\"bde-heading-32-107 bde-heading\">\nTSOS\n<\/h2><div class=\"bde-text-32-137 bde-text\">\nProporcionar apoyo para facilitar los procesos ENTSO-E. Implementaci\u00f3n del CGMES. Soporte de scripting para reducir las horas extras en la validaci\u00f3n del modelo. Formaci\u00f3n del nuevo personal sobre procesos ENTSO-E. \n<\/div><div class=\"bde-fancy-divider-32-109 bde-fancy-divider\">\n\n\n<div class=\"bde-fancy-divider__wrapper\">\n  <div class=\"bde-fancy-divider__separator\">\n  \t  <\/div>\n<\/div>\n\n<\/div><div class=\"bde-div-32-110 bde-div\">\n  \n\t\n\n\n\n<div class=\"bde-icon-box-32-111 bde-icon-box\">\n\n    \n            <div class=\"ee-iconbox-icon breakdance-icon-atom\" >\n    \n                    <svg xmlns=\"http:\/\/www.w3.org\/2000\/svg\" width=\"7\" height=\"12\" viewbox=\"0 0 7 12\" fill=\"none\">\r\n<path d=\"M6.09162 0.363636V12H3.63139V2.69886H3.56321L0.898438 4.36932V2.1875L3.77912 0.363636H6.09162Z\" fill=\"#1D1D1D\"\/>\r\n<\/svg>\n        \n        \n        \n            <\/div>\n    \n\n<div class=\"ee-iconbox-content\">\n      <h3 class=\"ee-iconbox-title\" >Implementaci\u00f3n de modelos en CGMES<\/h3>\n      <\/div>\n\n<\/div><div class=\"bde-icon-box-32-112 bde-icon-box\">\n\n    \n            <div class=\"ee-iconbox-icon breakdance-icon-atom\" >\n    \n                    <svg xmlns=\"http:\/\/www.w3.org\/2000\/svg\" width=\"9\" height=\"12\" viewbox=\"0 0 9 12\" fill=\"none\">\r\n<path d=\"M0.404119 12V10.2273L4.54616 6.39205C4.89844 6.05114 5.19389 5.74432 5.43253 5.47159C5.67495 5.19886 5.85866 4.93182 5.98366 4.67045C6.10866 4.4053 6.17116 4.11932 6.17116 3.8125C6.17116 3.47159 6.09351 3.17803 5.93821 2.93182C5.78291 2.68182 5.57079 2.49053 5.30185 2.35795C5.03291 2.22159 4.72798 2.15341 4.38707 2.15341C4.03101 2.15341 3.72041 2.22538 3.45526 2.36932C3.1901 2.51326 2.98556 2.7197 2.84162 2.98864C2.69768 3.25758 2.62571 3.57765 2.62571 3.94886H0.290483C0.290483 3.1875 0.462831 2.52652 0.807528 1.96591C1.15223 1.4053 1.63518 0.971591 2.25639 0.664772C2.8776 0.357954 3.59351 0.204545 4.40412 0.204545C5.23745 0.204545 5.96283 0.352272 6.58026 0.647727C7.20147 0.939394 7.68442 1.3447 8.02912 1.86364C8.37382 2.38258 8.54617 2.97727 8.54617 3.64773C8.54617 4.08712 8.45904 4.52083 8.2848 4.94886C8.11435 5.37689 7.80942 5.85227 7.37003 6.375C6.93063 6.89394 6.31132 7.51705 5.51207 8.24432L3.81321 9.90909V9.98864H8.69957V12H0.404119Z\" fill=\"#1D1D1D\"\/>\r\n<\/svg>\n        \n        \n        \n            <\/div>\n    \n\n<div class=\"ee-iconbox-content\">\n      <h3 class=\"ee-iconbox-title\" >Soluci\u00f3n de problemas modelos TYNDP <\/h3>\n      <\/div>\n\n<\/div><div class=\"bde-icon-box-32-113 bde-icon-box\">\n\n    \n            <div class=\"ee-iconbox-icon breakdance-icon-atom\" >\n    \n                    <svg xmlns=\"http:\/\/www.w3.org\/2000\/svg\" width=\"9\" height=\"13\" viewbox=\"0 0 9 13\" fill=\"none\">\r\n<path d=\"M4.47088 12.1591C3.6224 12.1591 2.86671 12.0133 2.20384 11.7216C1.54474 11.4261 1.02391 11.0208 0.641335 10.5057C0.262547 9.98674 0.0674716 9.38826 0.056108 8.71023H2.53338C2.54853 8.99432 2.64134 9.24432 2.81179 9.46023C2.98603 9.67235 3.21709 9.83712 3.50497 9.95455C3.79285 10.072 4.11671 10.1307 4.47656 10.1307C4.85156 10.1307 5.183 10.0644 5.47088 9.93182C5.75876 9.79924 5.98414 9.61553 6.14702 9.38068C6.3099 9.14583 6.39134 8.875 6.39134 8.56818C6.39134 8.25758 6.30421 7.98295 6.12997 7.74432C5.95952 7.50189 5.71331 7.3125 5.39134 7.17614C5.07315 7.03977 4.69437 6.97159 4.25497 6.97159H3.16974V5.16477H4.25497C4.62618 5.16477 4.95384 5.10038 5.23793 4.97159C5.52581 4.8428 5.74929 4.66477 5.90838 4.4375C6.06747 4.20644 6.14702 3.9375 6.14702 3.63068C6.14702 3.33902 6.07694 3.08333 5.93679 2.86364C5.80043 2.64015 5.60724 2.46591 5.35724 2.34091C5.11103 2.21591 4.82315 2.15341 4.49361 2.15341C4.16027 2.15341 3.85535 2.21402 3.57884 2.33523C3.30232 2.45265 3.08073 2.62121 2.91406 2.84091C2.7474 3.06061 2.65838 3.31818 2.64702 3.61364H0.289062C0.300426 2.94318 0.491714 2.35227 0.862926 1.84091C1.23414 1.32955 1.73414 0.929924 2.36293 0.642045C2.9955 0.350378 3.70952 0.204545 4.50497 0.204545C5.308 0.204545 6.01065 0.350378 6.61293 0.642045C7.2152 0.933712 7.683 1.32765 8.01634 1.82386C8.35346 2.31629 8.52012 2.86932 8.51634 3.48295C8.52012 4.13447 8.31747 4.67803 7.90838 5.11364C7.50308 5.54924 6.97467 5.82576 6.32315 5.94318V6.03409C7.17921 6.14394 7.83073 6.44129 8.2777 6.92614C8.72846 7.4072 8.95194 8.00947 8.94815 8.73295C8.95194 9.39583 8.76065 9.98485 8.37429 10.5C7.99171 11.0152 7.46331 11.4205 6.78906 11.7159C6.11482 12.0114 5.34209 12.1591 4.47088 12.1591Z\" fill=\"#1D1D1D\"\/>\r\n<\/svg>\n        \n        \n        \n            <\/div>\n    \n\n<div class=\"ee-iconbox-content\">\n      <h3 class=\"ee-iconbox-title\" >Scripts\/ automatizaci\u00f3n modelos<\/h3>\n      <\/div>\n\n<\/div><div class=\"bde-icon-box-32-114 bde-icon-box\">\n\n    \n            <div class=\"ee-iconbox-icon breakdance-icon-atom\" >\n    \n                    <svg xmlns=\"http:\/\/www.w3.org\/2000\/svg\" width=\"11\" height=\"12\" viewbox=\"0 0 11 12\" fill=\"none\">\r\n<path d=\"M0.84517 9.95455V8.01705L5.70312 0.363636H7.37358V3.04545H6.38494L3.32244 7.89205V7.98295H10.2259V9.95455H0.84517ZM6.4304 12V9.36364L6.47585 8.50568V0.363636H8.78267V12H6.4304Z\" fill=\"#1D1D1D\"\/>\r\n<\/svg>\n        \n        \n        \n            <\/div>\n    \n\n<div class=\"ee-iconbox-content\">\n      <h3 class=\"ee-iconbox-title\" >Validaci\u00f3n de software<\/h3>\n      <\/div>\n\n<\/div><div class=\"bde-icon-box-32-115 bde-icon-box\">\n\n    \n            <div class=\"ee-iconbox-icon breakdance-icon-atom\" >\n    \n                    <svg xmlns=\"http:\/\/www.w3.org\/2000\/svg\" width=\"9\" height=\"13\" viewbox=\"0 0 9 13\" fill=\"none\">\r\n<path d=\"M4.53693 12.1591C3.7339 12.1591 3.01799 12.0114 2.3892 11.7159C1.7642 11.4205 1.26799 11.0133 0.900568 10.4943C0.533144 9.97538 0.341856 9.38068 0.326705 8.71023H2.71307C2.73958 9.16098 2.92898 9.52652 3.28125 9.80682C3.63352 10.0871 4.05208 10.2273 4.53693 10.2273C4.9233 10.2273 5.2642 10.142 5.55966 9.97159C5.8589 9.79735 6.09186 9.55682 6.25852 9.25C6.42898 8.93939 6.5142 8.58333 6.5142 8.18182C6.5142 7.77273 6.42708 7.41288 6.25284 7.10227C6.08239 6.79167 5.84564 6.54924 5.54261 6.375C5.23958 6.20076 4.89299 6.11174 4.50284 6.10795C4.16193 6.10795 3.83049 6.17803 3.50852 6.31818C3.19034 6.45833 2.94223 6.64962 2.7642 6.89205L0.576705 6.5L1.12784 0.363636H8.24148V2.375H3.15625L2.85511 5.28977H2.9233C3.12784 5.00189 3.43655 4.76326 3.84943 4.57386C4.26231 4.38447 4.72443 4.28977 5.2358 4.28977C5.93655 4.28977 6.56155 4.45455 7.1108 4.78409C7.66004 5.11364 8.09375 5.56629 8.41193 6.14205C8.73011 6.71402 8.88731 7.37311 8.88352 8.11932C8.88731 8.90341 8.70549 9.60038 8.33807 10.2102C7.97443 10.8163 7.46496 11.2936 6.80966 11.642C6.15814 11.9867 5.40057 12.1591 4.53693 12.1591Z\" fill=\"#1D1D1D\"\/>\r\n<\/svg>\n        \n        \n        \n            <\/div>\n    \n\n<div class=\"ee-iconbox-content\">\n      <h3 class=\"ee-iconbox-title\" >Documentaci\u00f3n t\u00e9cnica <\/h3>\n      <\/div>\n\n<\/div><div class=\"bde-icon-box-32-116 bde-icon-box\">\n\n    \n            <div class=\"ee-iconbox-icon breakdance-icon-atom\" >\n    \n                    <svg xmlns=\"http:\/\/www.w3.org\/2000\/svg\" width=\"10\" height=\"13\" viewbox=\"0 0 10 13\" fill=\"none\">\r\n<path d=\"M5.62784 12.1591C5.02936 12.1553 4.4517 12.0549 3.89489 11.858C3.34186 11.661 2.84564 11.3409 2.40625 10.8977C1.96686 10.4545 1.61837 9.86742 1.3608 9.13636C1.10701 8.4053 0.980114 7.50758 0.980114 6.44318C0.983902 5.46591 1.09564 4.5928 1.31534 3.82386C1.53883 3.05114 1.85701 2.39583 2.26989 1.85795C2.68655 1.32008 3.18466 0.910984 3.7642 0.630681C4.34375 0.34659 4.99337 0.204545 5.71307 0.204545C6.48958 0.204545 7.17519 0.35606 7.76989 0.659091C8.36458 0.958333 8.84186 1.36553 9.2017 1.88068C9.56534 2.39583 9.78504 2.97348 9.8608 3.61364H7.43466C7.33996 3.20833 7.1411 2.89015 6.83807 2.65909C6.53504 2.42803 6.16004 2.3125 5.71307 2.3125C4.95549 2.3125 4.37973 2.64205 3.9858 3.30114C3.59564 3.96023 3.39678 4.85606 3.3892 5.98864H3.46875C3.64299 5.64394 3.87784 5.35038 4.1733 5.10795C4.47254 4.86174 4.81155 4.67424 5.19034 4.54545C5.57292 4.41288 5.97633 4.34659 6.40057 4.34659C7.08996 4.34659 7.7036 4.50947 8.24148 4.83523C8.77936 5.1572 9.2036 5.60038 9.5142 6.16477C9.82481 6.72917 9.98011 7.375 9.98011 8.10227C9.98011 8.89015 9.7964 9.59091 9.42898 10.2045C9.06534 10.8182 8.55587 11.2992 7.90057 11.6477C7.24905 11.9924 6.49148 12.1629 5.62784 12.1591ZM5.61648 10.2273C5.99527 10.2273 6.33428 10.1364 6.63352 9.95455C6.93277 9.77273 7.16761 9.52652 7.33807 9.21591C7.50852 8.9053 7.59375 8.55682 7.59375 8.17045C7.59375 7.78409 7.50852 7.4375 7.33807 7.13068C7.1714 6.82386 6.94034 6.57955 6.64489 6.39773C6.34943 6.21591 6.01231 6.125 5.63352 6.125C5.34943 6.125 5.08617 6.17803 4.84375 6.28409C4.60511 6.39015 4.39489 6.53788 4.21307 6.72727C4.03504 6.91667 3.89489 7.13636 3.79261 7.38636C3.69034 7.63258 3.6392 7.89583 3.6392 8.17614C3.6392 8.55114 3.72443 8.89394 3.89489 9.20455C4.06913 9.51515 4.30398 9.76326 4.59943 9.94886C4.89867 10.1345 5.23769 10.2273 5.61648 10.2273Z\" fill=\"#1D1D1D\"\/>\r\n<\/svg>\n        \n        \n        \n            <\/div>\n    \n\n<div class=\"ee-iconbox-content\">\n      <h3 class=\"ee-iconbox-title\" >Formaci\u00f3n<\/h3>\n      <\/div>\n\n<\/div>\n<\/div><div class=\"bde-fancy-divider-32-117 bde-fancy-divider\">\n\n\n<div class=\"bde-fancy-divider__wrapper\">\n  <div class=\"bde-fancy-divider__separator\">\n  \t  <\/div>\n<\/div>\n\n<\/div><div class=\"bde-image-32-118 bde-image\">\n  \n\n\n\n\n\n<figure class=\"breakdance-image breakdance-image--72\">\n\t<div class=\"breakdance-image-container\">\n\t\t<div class=\"breakdance-image-clip\">\n\t\t\t\n\t\t\t\t\n\t\t\t\t\t      \n  \n  \n  \n  \n      \n      <img loading=\"lazy\" decoding=\"async\"\n      class=\"breakdance-image-object\"\n      src=\"https:\/\/hcts-consulting.eu\/wp-content\/uploads\/2024\/02\/sun-field.jpg\"\n      width=\"1080\"\n      height=\"500\"\n      \n      \n                                    srcset=\"https:\/\/hcts-consulting.eu\/wp-content\/uploads\/2024\/02\/sun-field.jpg 1080w, https:\/\/hcts-consulting.eu\/wp-content\/uploads\/2024\/02\/sun-field-300x139.jpg 300w, https:\/\/hcts-consulting.eu\/wp-content\/uploads\/2024\/02\/sun-field-1024x474.jpg 1024w, https:\/\/hcts-consulting.eu\/wp-content\/uploads\/2024\/02\/sun-field-768x356.jpg 768w\"\n                                                                      >\n  \n\n\t\t\t\t\t\n\t\t\t\t\t\t<\/div>\n\t<\/div>\n\n\t<\/figure>\n\n<\/div><\/div>\n<\/section>","protected":false},"excerpt":{"rendered":"<p>Here comes the sun TSOs TSOS Providing support to facilitate ENTSO-E processes. CGMES implementation. Scripting support to reduce overtime in model validation. Training of new staff on ENTSO-E processes. CGMES implementation ENTSO-E TYNDP model debugging Scripting \/ automation Software tool validation Technical papers Training<\/p>","protected":false},"author":2,"featured_media":0,"parent":33,"menu_order":0,"comment_status":"closed","ping_status":"closed","template":"","meta":{"_breakdance_hide_in_design_set":false,"_breakdance_tags":"","footnotes":""},"class_list":["post-32","page","type-page","status-publish","hentry"],"yoast_head":"<!-- This site is optimized with the Yoast SEO plugin v22.4 - https:\/\/yoast.com\/wordpress\/plugins\/seo\/ -->\n<title>TSOs - HCTS<\/title>\n<meta name=\"robots\" content=\"index, follow, max-snippet:-1, max-image-preview:large, max-video-preview:-1\" \/>\n<link rel=\"canonical\" href=\"https:\/\/hcts-consulting.eu\/es\/services\/tsos\/\" \/>\n<meta property=\"og:locale\" content=\"es_ES\" \/>\n<meta property=\"og:type\" content=\"article\" \/>\n<meta property=\"og:title\" content=\"TSOs - HCTS\" \/>\n<meta property=\"og:description\" content=\"Here comes the sun TSOs TSOS Providing support to facilitate ENTSO-E processes. CGMES implementation. Scripting support to reduce overtime in model validation. Training of new staff on ENTSO-E processes. CGMES implementation ENTSO-E TYNDP model debugging Scripting \/ automation Software tool validation Technical papers Training\" \/>\n<meta property=\"og:url\" content=\"https:\/\/hcts-consulting.eu\/es\/services\/tsos\/\" \/>\n<meta property=\"og:site_name\" content=\"HCTS\" \/>\n<meta property=\"article:modified_time\" content=\"2025-11-15T18:49:20+00:00\" \/>\n<meta name=\"twitter:card\" content=\"summary_large_image\" \/>\n<meta name=\"twitter:label1\" content=\"Tiempo de lectura\" \/>\n\t<meta name=\"twitter:data1\" content=\"1 minuto\" \/>\n<script type=\"application\/ld+json\" class=\"yoast-schema-graph\">{\"@context\":\"https:\/\/schema.org\",\"@graph\":[{\"@type\":\"WebPage\",\"@id\":\"https:\/\/hcts-consulting.eu\/services\/tsos\/\",\"url\":\"https:\/\/hcts-consulting.eu\/services\/tsos\/\",\"name\":\"TSOs - HCTS\",\"isPartOf\":{\"@id\":\"https:\/\/hcts-consulting.eu\/#website\"},\"datePublished\":\"2024-02-09T09:03:30+00:00\",\"dateModified\":\"2025-11-15T18:49:20+00:00\",\"breadcrumb\":{\"@id\":\"https:\/\/hcts-consulting.eu\/services\/tsos\/#breadcrumb\"},\"inLanguage\":\"es\",\"potentialAction\":[{\"@type\":\"ReadAction\",\"target\":[\"https:\/\/hcts-consulting.eu\/services\/tsos\/\"]}]},{\"@type\":\"BreadcrumbList\",\"@id\":\"https:\/\/hcts-consulting.eu\/services\/tsos\/#breadcrumb\",\"itemListElement\":[{\"@type\":\"ListItem\",\"position\":1,\"name\":\"Portada\",\"item\":\"https:\/\/hcts-consulting.eu\/\"},{\"@type\":\"ListItem\",\"position\":2,\"name\":\"Services\",\"item\":\"https:\/\/hcts-consulting.eu\/services\/\"},{\"@type\":\"ListItem\",\"position\":3,\"name\":\"TSOs\"}]},{\"@type\":\"WebSite\",\"@id\":\"https:\/\/hcts-consulting.eu\/#website\",\"url\":\"https:\/\/hcts-consulting.eu\/\",\"name\":\"HCTS\",\"description\":\"Here Comes The Sun\",\"potentialAction\":[{\"@type\":\"SearchAction\",\"target\":{\"@type\":\"EntryPoint\",\"urlTemplate\":\"https:\/\/hcts-consulting.eu\/?s={search_term_string}\"},\"query-input\":\"required name=search_term_string\"}],\"inLanguage\":\"es\"}]}<\/script>\n<!-- \/ Yoast SEO plugin. -->","yoast_head_json":{"title":"TSOs - HCTS","robots":{"index":"index","follow":"follow","max-snippet":"max-snippet:-1","max-image-preview":"max-image-preview:large","max-video-preview":"max-video-preview:-1"},"canonical":"https:\/\/hcts-consulting.eu\/es\/services\/tsos\/","og_locale":"es_ES","og_type":"article","og_title":"TSOs - HCTS","og_description":"Here comes the sun TSOs TSOS Providing support to facilitate ENTSO-E processes. CGMES implementation. Scripting support to reduce overtime in model validation. Training of new staff on ENTSO-E processes. CGMES implementation ENTSO-E TYNDP model debugging Scripting \/ automation Software tool validation Technical papers Training","og_url":"https:\/\/hcts-consulting.eu\/es\/services\/tsos\/","og_site_name":"HCTS","article_modified_time":"2025-11-15T18:49:20+00:00","twitter_card":"summary_large_image","twitter_misc":{"Tiempo de lectura":"1 minuto"},"schema":{"@context":"https:\/\/schema.org","@graph":[{"@type":"WebPage","@id":"https:\/\/hcts-consulting.eu\/services\/tsos\/","url":"https:\/\/hcts-consulting.eu\/services\/tsos\/","name":"TSOs - HCTS","isPartOf":{"@id":"https:\/\/hcts-consulting.eu\/#website"},"datePublished":"2024-02-09T09:03:30+00:00","dateModified":"2025-11-15T18:49:20+00:00","breadcrumb":{"@id":"https:\/\/hcts-consulting.eu\/services\/tsos\/#breadcrumb"},"inLanguage":"es","potentialAction":[{"@type":"ReadAction","target":["https:\/\/hcts-consulting.eu\/services\/tsos\/"]}]},{"@type":"BreadcrumbList","@id":"https:\/\/hcts-consulting.eu\/services\/tsos\/#breadcrumb","itemListElement":[{"@type":"ListItem","position":1,"name":"Portada","item":"https:\/\/hcts-consulting.eu\/"},{"@type":"ListItem","position":2,"name":"Services","item":"https:\/\/hcts-consulting.eu\/services\/"},{"@type":"ListItem","position":3,"name":"TSOs"}]},{"@type":"WebSite","@id":"https:\/\/hcts-consulting.eu\/#website","url":"https:\/\/hcts-consulting.eu\/","name":"HCTS","description":"Here Comes The Sun","potentialAction":[{"@type":"SearchAction","target":{"@type":"EntryPoint","urlTemplate":"https:\/\/hcts-consulting.eu\/?s={search_term_string}"},"query-input":"required name=search_term_string"}],"inLanguage":"es"}]}},"_links":{"self":[{"href":"https:\/\/hcts-consulting.eu\/es\/wp-json\/wp\/v2\/pages\/32","targetHints":{"allow":["GET"]}}],"collection":[{"href":"https:\/\/hcts-consulting.eu\/es\/wp-json\/wp\/v2\/pages"}],"about":[{"href":"https:\/\/hcts-consulting.eu\/es\/wp-json\/wp\/v2\/types\/page"}],"author":[{"embeddable":true,"href":"https:\/\/hcts-consulting.eu\/es\/wp-json\/wp\/v2\/users\/2"}],"replies":[{"embeddable":true,"href":"https:\/\/hcts-consulting.eu\/es\/wp-json\/wp\/v2\/comments?post=32"}],"version-history":[{"count":7,"href":"https:\/\/hcts-consulting.eu\/es\/wp-json\/wp\/v2\/pages\/32\/revisions"}],"predecessor-version":[{"id":204,"href":"https:\/\/hcts-consulting.eu\/es\/wp-json\/wp\/v2\/pages\/32\/revisions\/204"}],"up":[{"embeddable":true,"href":"https:\/\/hcts-consulting.eu\/es\/wp-json\/wp\/v2\/pages\/33"}],"wp:attachment":[{"href":"https:\/\/hcts-consulting.eu\/es\/wp-json\/wp\/v2\/media?parent=32"}],"curies":[{"name":"wp","href":"https:\/\/api.w.org\/{rel}","templated":true}]}}