{"id":211,"date":"2024-04-01T10:41:42","date_gmt":"2024-04-01T10:41:42","guid":{"rendered":"https:\/\/hcts-consulting.eu\/?page_id=211"},"modified":"2024-04-01T10:47:55","modified_gmt":"2024-04-01T10:47:55","slug":"software-validation-and-support","status":"publish","type":"page","link":"https:\/\/hcts-consulting.eu\/es\/services\/software-validation-and-support\/","title":{"rendered":"Software Validation &#038; Support"},"content":{"rendered":"<section class=\"bde-section-211-100 bde-section\">\n  \n\t\n\n\n\n<div class=\"section-container\"><div class=\"bde-text-211-101 bde-text\">\nHere comes the sun\n<\/div><div class=\"bde-fancy-divider-211-102 bde-fancy-divider\">\n\n\n<div class=\"bde-fancy-divider__wrapper\">\n  <div class=\"bde-fancy-divider__separator\">\n  \t  <\/div>\n<\/div>\n\n<\/div><h1 class=\"bde-heading-211-103 bde-heading\">\nValidaci\u00f3n y soporte de software \n<\/h1><\/div>\n<\/section><section class=\"bde-section-211-105 bde-section\">\n  \n\t\n\n\n\n<div class=\"section-container\"><div class=\"bde-image-211-106 bde-image\">\n  \n\n\n\n\n\n<figure class=\"breakdance-image breakdance-image--198\">\n\t<div class=\"breakdance-image-container\">\n\t\t<div class=\"breakdance-image-clip\">\n\t\t\t\n\t\t\t\t\n\t\t\t\t\t      \n  \n  \n  \n  \n      \n      <img loading=\"lazy\" decoding=\"async\"\n      class=\"breakdance-image-object\"\n      src=\"https:\/\/hcts-consulting.eu\/wp-content\/uploads\/2024\/03\/engineering-construcytion.jpg\"\n      width=\"1920\"\n      height=\"888\"\n      \n      \n                                    srcset=\"https:\/\/hcts-consulting.eu\/wp-content\/uploads\/2024\/03\/engineering-construcytion.jpg 1920w, https:\/\/hcts-consulting.eu\/wp-content\/uploads\/2024\/03\/engineering-construcytion-300x139.jpg 300w, https:\/\/hcts-consulting.eu\/wp-content\/uploads\/2024\/03\/engineering-construcytion-1024x474.jpg 1024w, https:\/\/hcts-consulting.eu\/wp-content\/uploads\/2024\/03\/engineering-construcytion-768x355.jpg 768w, https:\/\/hcts-consulting.eu\/wp-content\/uploads\/2024\/03\/engineering-construcytion-1536x710.jpg 1536w\"\n                                                                      >\n  \n\n\t\t\t\t\t\n\t\t\t\t\t\t<\/div>\n\t<\/div>\n\n\t<\/figure>\n\n<\/div><h2 class=\"bde-heading-211-107 bde-heading\">\nValidaci\u00f3n y soporte de software \n<\/h2><div class=\"bde-text-211-137 bde-text\">\nPruebas y validaci\u00f3n de software de ingenier\u00eda el\u00e9ctrica para el cumplimiento de CGMES. <br>Capacitaci\u00f3n y soporte de software de an\u00e1lisis de sistemas de potencia. <br>Capacitaci\u00f3n en software de an\u00e1lisis de sistemas de potencia: Digsilent Power Factory, ETAP, EMTP, PVsyst, Matlab Simulink. \n<\/div><div class=\"bde-fancy-divider-211-117 bde-fancy-divider\">\n\n\n<div class=\"bde-fancy-divider__wrapper\">\n  <div class=\"bde-fancy-divider__separator\">\n  \t  <\/div>\n<\/div>\n\n<\/div><div class=\"bde-image-211-118 bde-image\">\n  \n\n\n\n\n\n<figure class=\"breakdance-image breakdance-image--72\">\n\t<div class=\"breakdance-image-container\">\n\t\t<div class=\"breakdance-image-clip\">\n\t\t\t\n\t\t\t\t\n\t\t\t\t\t      \n  \n  \n  \n  \n      \n      <img loading=\"lazy\" decoding=\"async\"\n      class=\"breakdance-image-object\"\n      src=\"https:\/\/hcts-consulting.eu\/wp-content\/uploads\/2024\/02\/sun-field.jpg\"\n      width=\"1080\"\n      height=\"500\"\n      \n      \n                                    srcset=\"https:\/\/hcts-consulting.eu\/wp-content\/uploads\/2024\/02\/sun-field.jpg 1080w, https:\/\/hcts-consulting.eu\/wp-content\/uploads\/2024\/02\/sun-field-300x139.jpg 300w, https:\/\/hcts-consulting.eu\/wp-content\/uploads\/2024\/02\/sun-field-1024x474.jpg 1024w, https:\/\/hcts-consulting.eu\/wp-content\/uploads\/2024\/02\/sun-field-768x356.jpg 768w\"\n                                                                      >\n  \n\n\t\t\t\t\t\n\t\t\t\t\t\t<\/div>\n\t<\/div>\n\n\t<\/figure>\n\n<\/div><\/div>\n<\/section>","protected":false},"excerpt":{"rendered":"<p>Here comes the sun Software Validation and Support Software Validation and Support Testing and validation of electrical engineering software for CGMES compliance. Training and support of power system analysis software. Training for power system analysis software: Digsilent Power Factory, ETAP, EMTP, PVsyst, Matlab Simulink.<\/p>","protected":false},"author":2,"featured_media":0,"parent":33,"menu_order":0,"comment_status":"closed","ping_status":"closed","template":"","meta":{"_breakdance_hide_in_design_set":false,"_breakdance_tags":"","footnotes":""},"class_list":["post-211","page","type-page","status-publish","hentry"],"yoast_head":"<!-- This site is optimized with the Yoast SEO plugin v22.4 - https:\/\/yoast.com\/wordpress\/plugins\/seo\/ -->\n<title>Software Validation &amp; Support - HCTS<\/title>\n<meta name=\"robots\" content=\"index, follow, max-snippet:-1, max-image-preview:large, max-video-preview:-1\" \/>\n<link rel=\"canonical\" href=\"https:\/\/hcts-consulting.eu\/es\/services\/software-validation-and-support\/\" \/>\n<meta property=\"og:locale\" content=\"es_ES\" \/>\n<meta property=\"og:type\" content=\"article\" \/>\n<meta property=\"og:title\" content=\"Software Validation &amp; Support - HCTS\" \/>\n<meta property=\"og:description\" content=\"Here comes the sun Software Validation and Support Software Validation and Support Testing and validation of electrical engineering software for CGMES compliance. Training and support of power system analysis software. Training for power system analysis software: Digsilent Power Factory, ETAP, EMTP, PVsyst, Matlab Simulink.\" \/>\n<meta property=\"og:url\" content=\"https:\/\/hcts-consulting.eu\/es\/services\/software-validation-and-support\/\" \/>\n<meta property=\"og:site_name\" content=\"HCTS\" \/>\n<meta property=\"article:modified_time\" content=\"2024-04-01T10:47:55+00:00\" \/>\n<meta name=\"twitter:card\" content=\"summary_large_image\" \/>\n<meta name=\"twitter:label1\" content=\"Tiempo de lectura\" \/>\n\t<meta name=\"twitter:data1\" content=\"1 minuto\" \/>\n<script type=\"application\/ld+json\" class=\"yoast-schema-graph\">{\"@context\":\"https:\/\/schema.org\",\"@graph\":[{\"@type\":\"WebPage\",\"@id\":\"https:\/\/hcts-consulting.eu\/services\/software-validation-and-support\/\",\"url\":\"https:\/\/hcts-consulting.eu\/services\/software-validation-and-support\/\",\"name\":\"Software Validation & Support - HCTS\",\"isPartOf\":{\"@id\":\"https:\/\/hcts-consulting.eu\/#website\"},\"datePublished\":\"2024-04-01T10:41:42+00:00\",\"dateModified\":\"2024-04-01T10:47:55+00:00\",\"breadcrumb\":{\"@id\":\"https:\/\/hcts-consulting.eu\/services\/software-validation-and-support\/#breadcrumb\"},\"inLanguage\":\"es\",\"potentialAction\":[{\"@type\":\"ReadAction\",\"target\":[\"https:\/\/hcts-consulting.eu\/services\/software-validation-and-support\/\"]}]},{\"@type\":\"BreadcrumbList\",\"@id\":\"https:\/\/hcts-consulting.eu\/services\/software-validation-and-support\/#breadcrumb\",\"itemListElement\":[{\"@type\":\"ListItem\",\"position\":1,\"name\":\"Portada\",\"item\":\"https:\/\/hcts-consulting.eu\/\"},{\"@type\":\"ListItem\",\"position\":2,\"name\":\"Services\",\"item\":\"https:\/\/hcts-consulting.eu\/services\/\"},{\"@type\":\"ListItem\",\"position\":3,\"name\":\"Software Validation &#038; Support\"}]},{\"@type\":\"WebSite\",\"@id\":\"https:\/\/hcts-consulting.eu\/#website\",\"url\":\"https:\/\/hcts-consulting.eu\/\",\"name\":\"HCTS\",\"description\":\"Here Comes The Sun\",\"potentialAction\":[{\"@type\":\"SearchAction\",\"target\":{\"@type\":\"EntryPoint\",\"urlTemplate\":\"https:\/\/hcts-consulting.eu\/?s={search_term_string}\"},\"query-input\":\"required name=search_term_string\"}],\"inLanguage\":\"es\"}]}<\/script>\n<!-- \/ Yoast SEO plugin. -->","yoast_head_json":{"title":"Software Validation & Support - HCTS","robots":{"index":"index","follow":"follow","max-snippet":"max-snippet:-1","max-image-preview":"max-image-preview:large","max-video-preview":"max-video-preview:-1"},"canonical":"https:\/\/hcts-consulting.eu\/es\/services\/software-validation-and-support\/","og_locale":"es_ES","og_type":"article","og_title":"Software Validation & Support - HCTS","og_description":"Here comes the sun Software Validation and Support Software Validation and Support Testing and validation of electrical engineering software for CGMES compliance. Training and support of power system analysis software. Training for power system analysis software: Digsilent Power Factory, ETAP, EMTP, PVsyst, Matlab Simulink.","og_url":"https:\/\/hcts-consulting.eu\/es\/services\/software-validation-and-support\/","og_site_name":"HCTS","article_modified_time":"2024-04-01T10:47:55+00:00","twitter_card":"summary_large_image","twitter_misc":{"Tiempo de lectura":"1 minuto"},"schema":{"@context":"https:\/\/schema.org","@graph":[{"@type":"WebPage","@id":"https:\/\/hcts-consulting.eu\/services\/software-validation-and-support\/","url":"https:\/\/hcts-consulting.eu\/services\/software-validation-and-support\/","name":"Software Validation & Support - HCTS","isPartOf":{"@id":"https:\/\/hcts-consulting.eu\/#website"},"datePublished":"2024-04-01T10:41:42+00:00","dateModified":"2024-04-01T10:47:55+00:00","breadcrumb":{"@id":"https:\/\/hcts-consulting.eu\/services\/software-validation-and-support\/#breadcrumb"},"inLanguage":"es","potentialAction":[{"@type":"ReadAction","target":["https:\/\/hcts-consulting.eu\/services\/software-validation-and-support\/"]}]},{"@type":"BreadcrumbList","@id":"https:\/\/hcts-consulting.eu\/services\/software-validation-and-support\/#breadcrumb","itemListElement":[{"@type":"ListItem","position":1,"name":"Portada","item":"https:\/\/hcts-consulting.eu\/"},{"@type":"ListItem","position":2,"name":"Services","item":"https:\/\/hcts-consulting.eu\/services\/"},{"@type":"ListItem","position":3,"name":"Software Validation &#038; Support"}]},{"@type":"WebSite","@id":"https:\/\/hcts-consulting.eu\/#website","url":"https:\/\/hcts-consulting.eu\/","name":"HCTS","description":"Here Comes The Sun","potentialAction":[{"@type":"SearchAction","target":{"@type":"EntryPoint","urlTemplate":"https:\/\/hcts-consulting.eu\/?s={search_term_string}"},"query-input":"required name=search_term_string"}],"inLanguage":"es"}]}},"_links":{"self":[{"href":"https:\/\/hcts-consulting.eu\/es\/wp-json\/wp\/v2\/pages\/211","targetHints":{"allow":["GET"]}}],"collection":[{"href":"https:\/\/hcts-consulting.eu\/es\/wp-json\/wp\/v2\/pages"}],"about":[{"href":"https:\/\/hcts-consulting.eu\/es\/wp-json\/wp\/v2\/types\/page"}],"author":[{"embeddable":true,"href":"https:\/\/hcts-consulting.eu\/es\/wp-json\/wp\/v2\/users\/2"}],"replies":[{"embeddable":true,"href":"https:\/\/hcts-consulting.eu\/es\/wp-json\/wp\/v2\/comments?post=211"}],"version-history":[{"count":2,"href":"https:\/\/hcts-consulting.eu\/es\/wp-json\/wp\/v2\/pages\/211\/revisions"}],"predecessor-version":[{"id":214,"href":"https:\/\/hcts-consulting.eu\/es\/wp-json\/wp\/v2\/pages\/211\/revisions\/214"}],"up":[{"embeddable":true,"href":"https:\/\/hcts-consulting.eu\/es\/wp-json\/wp\/v2\/pages\/33"}],"wp:attachment":[{"href":"https:\/\/hcts-consulting.eu\/es\/wp-json\/wp\/v2\/media?parent=211"}],"curies":[{"name":"wp","href":"https:\/\/api.w.org\/{rel}","templated":true}]}}