{"id":181,"date":"2024-03-27T10:35:18","date_gmt":"2024-03-27T10:35:18","guid":{"rendered":"https:\/\/hcts-consulting.eu\/?page_id=181"},"modified":"2024-04-01T10:34:03","modified_gmt":"2024-04-01T10:34:03","slug":"engineering-and-construction","status":"publish","type":"page","link":"https:\/\/hcts-consulting.eu\/es\/services\/engineering-and-construction\/","title":{"rendered":"Ingenier\u00eda y Construcci\u00f3n"},"content":{"rendered":"<section class=\"bde-section-181-100 bde-section\">\n  \n\t\n\n\n\n<div class=\"section-container\"><div class=\"bde-text-181-101 bde-text\">\nHere comes the sun\n<\/div><div class=\"bde-fancy-divider-181-102 bde-fancy-divider\">\n\n\n<div class=\"bde-fancy-divider__wrapper\">\n  <div class=\"bde-fancy-divider__separator\">\n  \t  <\/div>\n<\/div>\n\n<\/div><h1 class=\"bde-heading-181-103 bde-heading\">\nIngenier\u00eda y Construcci\u00f3n\n<\/h1><\/div>\n<\/section><section class=\"bde-section-181-105 bde-section\">\n  \n\t\n\n\n\n<div class=\"section-container\"><div class=\"bde-image-181-106 bde-image\">\n  \n\n\n\n\n\n<figure class=\"breakdance-image breakdance-image--198\">\n\t<div class=\"breakdance-image-container\">\n\t\t<div class=\"breakdance-image-clip\">\n\t\t\t\n\t\t\t\t\n\t\t\t\t\t      \n  \n  \n  \n  \n      \n      <img loading=\"lazy\" decoding=\"async\"\n      class=\"breakdance-image-object\"\n      src=\"https:\/\/hcts-consulting.eu\/wp-content\/uploads\/2024\/03\/engineering-construcytion.jpg\"\n      width=\"1920\"\n      height=\"888\"\n      \n      \n                                    srcset=\"https:\/\/hcts-consulting.eu\/wp-content\/uploads\/2024\/03\/engineering-construcytion.jpg 1920w, https:\/\/hcts-consulting.eu\/wp-content\/uploads\/2024\/03\/engineering-construcytion-300x139.jpg 300w, https:\/\/hcts-consulting.eu\/wp-content\/uploads\/2024\/03\/engineering-construcytion-1024x474.jpg 1024w, https:\/\/hcts-consulting.eu\/wp-content\/uploads\/2024\/03\/engineering-construcytion-768x355.jpg 768w, https:\/\/hcts-consulting.eu\/wp-content\/uploads\/2024\/03\/engineering-construcytion-1536x710.jpg 1536w\"\n                                                                      >\n  \n\n\t\t\t\t\t\n\t\t\t\t\t\t<\/div>\n\t<\/div>\n\n\t<\/figure>\n\n<\/div><h2 class=\"bde-heading-181-107 bde-heading\">\nIngenier\u00eda y Construcci\u00f3n\n<\/h2><div class=\"bde-text-181-137 bde-text\">\nEstudios y c\u00e1lculos ad hoc. Supervisi\u00f3n de coordinaci\u00f3n de protecci\u00f3n. C\u00e1lculos de la EMT.\nRevisi\u00f3n de dise\u00f1o por expertos. <br>Expert design review. \n<\/div><div class=\"bde-fancy-divider-181-109 bde-fancy-divider\">\n\n\n<div class=\"bde-fancy-divider__wrapper\">\n  <div class=\"bde-fancy-divider__separator\">\n  \t  <\/div>\n<\/div>\n\n<\/div><div class=\"bde-div-181-110 bde-div\">\n  \n\t\n\n\n\n<div class=\"bde-icon-box-181-111 bde-icon-box\">\n\n    \n            <div class=\"ee-iconbox-icon breakdance-icon-atom\" >\n    \n                    <svg xmlns=\"http:\/\/www.w3.org\/2000\/svg\" width=\"7\" height=\"12\" viewbox=\"0 0 7 12\" fill=\"none\">\r\n<path d=\"M6.09162 0.363636V12H3.63139V2.69886H3.56321L0.898438 4.36932V2.1875L3.77912 0.363636H6.09162Z\" fill=\"#1D1D1D\"\/>\r\n<\/svg>\n        \n        \n        \n            <\/div>\n    \n\n<div class=\"ee-iconbox-content\">\n      <h3 class=\"ee-iconbox-title\" >Revisi\u00f3n de Dise\u00f1o y Especificaciones<\/h3>\n      <\/div>\n\n<\/div><div class=\"bde-icon-box-181-112 bde-icon-box\">\n\n    \n            <div class=\"ee-iconbox-icon breakdance-icon-atom\" >\n    \n                    <svg xmlns=\"http:\/\/www.w3.org\/2000\/svg\" width=\"9\" height=\"12\" viewbox=\"0 0 9 12\" fill=\"none\">\r\n<path d=\"M0.404119 12V10.2273L4.54616 6.39205C4.89844 6.05114 5.19389 5.74432 5.43253 5.47159C5.67495 5.19886 5.85866 4.93182 5.98366 4.67045C6.10866 4.4053 6.17116 4.11932 6.17116 3.8125C6.17116 3.47159 6.09351 3.17803 5.93821 2.93182C5.78291 2.68182 5.57079 2.49053 5.30185 2.35795C5.03291 2.22159 4.72798 2.15341 4.38707 2.15341C4.03101 2.15341 3.72041 2.22538 3.45526 2.36932C3.1901 2.51326 2.98556 2.7197 2.84162 2.98864C2.69768 3.25758 2.62571 3.57765 2.62571 3.94886H0.290483C0.290483 3.1875 0.462831 2.52652 0.807528 1.96591C1.15223 1.4053 1.63518 0.971591 2.25639 0.664772C2.8776 0.357954 3.59351 0.204545 4.40412 0.204545C5.23745 0.204545 5.96283 0.352272 6.58026 0.647727C7.20147 0.939394 7.68442 1.3447 8.02912 1.86364C8.37382 2.38258 8.54617 2.97727 8.54617 3.64773C8.54617 4.08712 8.45904 4.52083 8.2848 4.94886C8.11435 5.37689 7.80942 5.85227 7.37003 6.375C6.93063 6.89394 6.31132 7.51705 5.51207 8.24432L3.81321 9.90909V9.98864H8.69957V12H0.404119Z\" fill=\"#1D1D1D\"\/>\r\n<\/svg>\n        \n        \n        \n            <\/div>\n    \n\n<div class=\"ee-iconbox-content\">\n      <h3 class=\"ee-iconbox-title\" >Estudios de Acceso a Red\u00a0<\/h3>\n      <\/div>\n\n<\/div><div class=\"bde-icon-box-181-113 bde-icon-box\">\n\n    \n            <div class=\"ee-iconbox-icon breakdance-icon-atom\" >\n    \n                    <svg xmlns=\"http:\/\/www.w3.org\/2000\/svg\" width=\"9\" height=\"13\" viewbox=\"0 0 9 13\" fill=\"none\">\r\n<path d=\"M4.47088 12.1591C3.6224 12.1591 2.86671 12.0133 2.20384 11.7216C1.54474 11.4261 1.02391 11.0208 0.641335 10.5057C0.262547 9.98674 0.0674716 9.38826 0.056108 8.71023H2.53338C2.54853 8.99432 2.64134 9.24432 2.81179 9.46023C2.98603 9.67235 3.21709 9.83712 3.50497 9.95455C3.79285 10.072 4.11671 10.1307 4.47656 10.1307C4.85156 10.1307 5.183 10.0644 5.47088 9.93182C5.75876 9.79924 5.98414 9.61553 6.14702 9.38068C6.3099 9.14583 6.39134 8.875 6.39134 8.56818C6.39134 8.25758 6.30421 7.98295 6.12997 7.74432C5.95952 7.50189 5.71331 7.3125 5.39134 7.17614C5.07315 7.03977 4.69437 6.97159 4.25497 6.97159H3.16974V5.16477H4.25497C4.62618 5.16477 4.95384 5.10038 5.23793 4.97159C5.52581 4.8428 5.74929 4.66477 5.90838 4.4375C6.06747 4.20644 6.14702 3.9375 6.14702 3.63068C6.14702 3.33902 6.07694 3.08333 5.93679 2.86364C5.80043 2.64015 5.60724 2.46591 5.35724 2.34091C5.11103 2.21591 4.82315 2.15341 4.49361 2.15341C4.16027 2.15341 3.85535 2.21402 3.57884 2.33523C3.30232 2.45265 3.08073 2.62121 2.91406 2.84091C2.7474 3.06061 2.65838 3.31818 2.64702 3.61364H0.289062C0.300426 2.94318 0.491714 2.35227 0.862926 1.84091C1.23414 1.32955 1.73414 0.929924 2.36293 0.642045C2.9955 0.350378 3.70952 0.204545 4.50497 0.204545C5.308 0.204545 6.01065 0.350378 6.61293 0.642045C7.2152 0.933712 7.683 1.32765 8.01634 1.82386C8.35346 2.31629 8.52012 2.86932 8.51634 3.48295C8.52012 4.13447 8.31747 4.67803 7.90838 5.11364C7.50308 5.54924 6.97467 5.82576 6.32315 5.94318V6.03409C7.17921 6.14394 7.83073 6.44129 8.2777 6.92614C8.72846 7.4072 8.95194 8.00947 8.94815 8.73295C8.95194 9.39583 8.76065 9.98485 8.37429 10.5C7.99171 11.0152 7.46331 11.4205 6.78906 11.7159C6.11482 12.0114 5.34209 12.1591 4.47088 12.1591Z\" fill=\"#1D1D1D\"\/>\r\n<\/svg>\n        \n        \n        \n            <\/div>\n    \n\n<div class=\"ee-iconbox-content\">\n      <h3 class=\"ee-iconbox-title\" >Estudios de protecciones, estabilidad, arc flash, EMC, acceso a red <\/h3>\n      <\/div>\n\n<\/div><div class=\"bde-icon-box-181-114 bde-icon-box\">\n\n    \n            <div class=\"ee-iconbox-icon breakdance-icon-atom\" >\n    \n                    <svg xmlns=\"http:\/\/www.w3.org\/2000\/svg\" width=\"11\" height=\"12\" viewbox=\"0 0 11 12\" fill=\"none\">\r\n<path d=\"M0.84517 9.95455V8.01705L5.70312 0.363636H7.37358V3.04545H6.38494L3.32244 7.89205V7.98295H10.2259V9.95455H0.84517ZM6.4304 12V9.36364L6.47585 8.50568V0.363636H8.78267V12H6.4304Z\" fill=\"#1D1D1D\"\/>\r\n<\/svg>\n        \n        \n        \n            <\/div>\n    \n\n<div class=\"ee-iconbox-content\">\n      <h3 class=\"ee-iconbox-title\" >Estudios EMT <\/h3>\n      <\/div>\n\n<\/div>\n<\/div><div class=\"bde-fancy-divider-181-117 bde-fancy-divider\">\n\n\n<div class=\"bde-fancy-divider__wrapper\">\n  <div class=\"bde-fancy-divider__separator\">\n  \t  <\/div>\n<\/div>\n\n<\/div><div class=\"bde-image-181-118 bde-image\">\n  \n\n\n\n\n\n<figure class=\"breakdance-image breakdance-image--72\">\n\t<div class=\"breakdance-image-container\">\n\t\t<div class=\"breakdance-image-clip\">\n\t\t\t\n\t\t\t\t\n\t\t\t\t\t      \n  \n  \n  \n  \n      \n      <img loading=\"lazy\" decoding=\"async\"\n      class=\"breakdance-image-object\"\n      src=\"https:\/\/hcts-consulting.eu\/wp-content\/uploads\/2024\/02\/sun-field.jpg\"\n      width=\"1080\"\n      height=\"500\"\n      \n      \n                                    srcset=\"https:\/\/hcts-consulting.eu\/wp-content\/uploads\/2024\/02\/sun-field.jpg 1080w, https:\/\/hcts-consulting.eu\/wp-content\/uploads\/2024\/02\/sun-field-300x139.jpg 300w, https:\/\/hcts-consulting.eu\/wp-content\/uploads\/2024\/02\/sun-field-1024x474.jpg 1024w, https:\/\/hcts-consulting.eu\/wp-content\/uploads\/2024\/02\/sun-field-768x356.jpg 768w\"\n                                                                      >\n  \n\n\t\t\t\t\t\n\t\t\t\t\t\t<\/div>\n\t<\/div>\n\n\t<\/figure>\n\n<\/div><\/div>\n<\/section>","protected":false},"excerpt":{"rendered":"<p>Here comes the sun Engineering and Construction Engineering and Construction Ad hoc studies and calculations. Protection coordination supervision. EMT calculations. Expert design review. Design and specification review Grid Access studies\u00a0 Protection coordination EMT studies<\/p>","protected":false},"author":2,"featured_media":0,"parent":33,"menu_order":0,"comment_status":"closed","ping_status":"closed","template":"","meta":{"_breakdance_hide_in_design_set":false,"_breakdance_tags":"","footnotes":""},"class_list":["post-181","page","type-page","status-publish","hentry"],"yoast_head":"<!-- This site is optimized with the Yoast SEO plugin v22.4 - https:\/\/yoast.com\/wordpress\/plugins\/seo\/ -->\n<title>Engineering and Construction - HCTS<\/title>\n<meta name=\"robots\" content=\"index, follow, max-snippet:-1, max-image-preview:large, max-video-preview:-1\" \/>\n<link rel=\"canonical\" href=\"https:\/\/hcts-consulting.eu\/es\/services\/engineering-and-construction\/\" \/>\n<meta property=\"og:locale\" content=\"es_ES\" \/>\n<meta property=\"og:type\" content=\"article\" \/>\n<meta property=\"og:title\" content=\"Engineering and Construction - HCTS\" \/>\n<meta property=\"og:description\" content=\"Here comes the sun Engineering and Construction Engineering and Construction Ad hoc studies and calculations. Protection coordination supervision. EMT calculations. Expert design review. Design and specification review Grid Access studies\u00a0 Protection coordination EMT studies\" \/>\n<meta property=\"og:url\" content=\"https:\/\/hcts-consulting.eu\/es\/services\/engineering-and-construction\/\" \/>\n<meta property=\"og:site_name\" content=\"HCTS\" \/>\n<meta property=\"article:modified_time\" content=\"2024-04-01T10:34:03+00:00\" \/>\n<meta name=\"twitter:card\" content=\"summary_large_image\" \/>\n<script type=\"application\/ld+json\" class=\"yoast-schema-graph\">{\"@context\":\"https:\/\/schema.org\",\"@graph\":[{\"@type\":\"WebPage\",\"@id\":\"https:\/\/hcts-consulting.eu\/services\/engineering-and-construction\/\",\"url\":\"https:\/\/hcts-consulting.eu\/services\/engineering-and-construction\/\",\"name\":\"Engineering and Construction - HCTS\",\"isPartOf\":{\"@id\":\"https:\/\/hcts-consulting.eu\/#website\"},\"datePublished\":\"2024-03-27T10:35:18+00:00\",\"dateModified\":\"2024-04-01T10:34:03+00:00\",\"breadcrumb\":{\"@id\":\"https:\/\/hcts-consulting.eu\/services\/engineering-and-construction\/#breadcrumb\"},\"inLanguage\":\"es\",\"potentialAction\":[{\"@type\":\"ReadAction\",\"target\":[\"https:\/\/hcts-consulting.eu\/services\/engineering-and-construction\/\"]}]},{\"@type\":\"BreadcrumbList\",\"@id\":\"https:\/\/hcts-consulting.eu\/services\/engineering-and-construction\/#breadcrumb\",\"itemListElement\":[{\"@type\":\"ListItem\",\"position\":1,\"name\":\"Portada\",\"item\":\"https:\/\/hcts-consulting.eu\/\"},{\"@type\":\"ListItem\",\"position\":2,\"name\":\"Services\",\"item\":\"https:\/\/hcts-consulting.eu\/services\/\"},{\"@type\":\"ListItem\",\"position\":3,\"name\":\"Engineering and Construction\"}]},{\"@type\":\"WebSite\",\"@id\":\"https:\/\/hcts-consulting.eu\/#website\",\"url\":\"https:\/\/hcts-consulting.eu\/\",\"name\":\"HCTS\",\"description\":\"Here Comes The Sun\",\"potentialAction\":[{\"@type\":\"SearchAction\",\"target\":{\"@type\":\"EntryPoint\",\"urlTemplate\":\"https:\/\/hcts-consulting.eu\/?s={search_term_string}\"},\"query-input\":\"required name=search_term_string\"}],\"inLanguage\":\"es\"}]}<\/script>\n<!-- \/ Yoast SEO plugin. -->","yoast_head_json":{"title":"Engineering and Construction - HCTS","robots":{"index":"index","follow":"follow","max-snippet":"max-snippet:-1","max-image-preview":"max-image-preview:large","max-video-preview":"max-video-preview:-1"},"canonical":"https:\/\/hcts-consulting.eu\/es\/services\/engineering-and-construction\/","og_locale":"es_ES","og_type":"article","og_title":"Engineering and Construction - HCTS","og_description":"Here comes the sun Engineering and Construction Engineering and Construction Ad hoc studies and calculations. Protection coordination supervision. EMT calculations. Expert design review. Design and specification review Grid Access studies\u00a0 Protection coordination EMT studies","og_url":"https:\/\/hcts-consulting.eu\/es\/services\/engineering-and-construction\/","og_site_name":"HCTS","article_modified_time":"2024-04-01T10:34:03+00:00","twitter_card":"summary_large_image","schema":{"@context":"https:\/\/schema.org","@graph":[{"@type":"WebPage","@id":"https:\/\/hcts-consulting.eu\/services\/engineering-and-construction\/","url":"https:\/\/hcts-consulting.eu\/services\/engineering-and-construction\/","name":"Engineering and Construction - HCTS","isPartOf":{"@id":"https:\/\/hcts-consulting.eu\/#website"},"datePublished":"2024-03-27T10:35:18+00:00","dateModified":"2024-04-01T10:34:03+00:00","breadcrumb":{"@id":"https:\/\/hcts-consulting.eu\/services\/engineering-and-construction\/#breadcrumb"},"inLanguage":"es","potentialAction":[{"@type":"ReadAction","target":["https:\/\/hcts-consulting.eu\/services\/engineering-and-construction\/"]}]},{"@type":"BreadcrumbList","@id":"https:\/\/hcts-consulting.eu\/services\/engineering-and-construction\/#breadcrumb","itemListElement":[{"@type":"ListItem","position":1,"name":"Portada","item":"https:\/\/hcts-consulting.eu\/"},{"@type":"ListItem","position":2,"name":"Services","item":"https:\/\/hcts-consulting.eu\/services\/"},{"@type":"ListItem","position":3,"name":"Engineering and Construction"}]},{"@type":"WebSite","@id":"https:\/\/hcts-consulting.eu\/#website","url":"https:\/\/hcts-consulting.eu\/","name":"HCTS","description":"Here Comes The Sun","potentialAction":[{"@type":"SearchAction","target":{"@type":"EntryPoint","urlTemplate":"https:\/\/hcts-consulting.eu\/?s={search_term_string}"},"query-input":"required name=search_term_string"}],"inLanguage":"es"}]}},"_links":{"self":[{"href":"https:\/\/hcts-consulting.eu\/es\/wp-json\/wp\/v2\/pages\/181","targetHints":{"allow":["GET"]}}],"collection":[{"href":"https:\/\/hcts-consulting.eu\/es\/wp-json\/wp\/v2\/pages"}],"about":[{"href":"https:\/\/hcts-consulting.eu\/es\/wp-json\/wp\/v2\/types\/page"}],"author":[{"embeddable":true,"href":"https:\/\/hcts-consulting.eu\/es\/wp-json\/wp\/v2\/users\/2"}],"replies":[{"embeddable":true,"href":"https:\/\/hcts-consulting.eu\/es\/wp-json\/wp\/v2\/comments?post=181"}],"version-history":[{"count":5,"href":"https:\/\/hcts-consulting.eu\/es\/wp-json\/wp\/v2\/pages\/181\/revisions"}],"predecessor-version":[{"id":207,"href":"https:\/\/hcts-consulting.eu\/es\/wp-json\/wp\/v2\/pages\/181\/revisions\/207"}],"up":[{"embeddable":true,"href":"https:\/\/hcts-consulting.eu\/es\/wp-json\/wp\/v2\/pages\/33"}],"wp:attachment":[{"href":"https:\/\/hcts-consulting.eu\/es\/wp-json\/wp\/v2\/media?parent=181"}],"curies":[{"name":"wp","href":"https:\/\/api.w.org\/{rel}","templated":true}]}}