{"id":16,"date":"2024-02-09T09:03:23","date_gmt":"2024-02-09T09:03:23","guid":{"rendered":"http:\/\/app-wp-barebones-breakdance.b84yvqhaas-gjy3mqjlg68q.p.temp-site.link\/contact\/"},"modified":"2024-04-18T14:12:14","modified_gmt":"2024-04-18T14:12:14","slug":"contact","status":"publish","type":"page","link":"https:\/\/hcts-consulting.eu\/es\/contact\/","title":{"rendered":"Contacto"},"content":{"rendered":"<section class=\"bde-section-16-100 bde-section\">\n  \n\t\n\n\n\n<div class=\"section-container\"><div class=\"bde-text-16-101 bde-text\">\nContacto\n<\/div><div class=\"bde-fancy-divider-16-102 bde-fancy-divider\">\n\n\n<div class=\"bde-fancy-divider__wrapper\">\n  <div class=\"bde-fancy-divider__separator\">\n  \t  <\/div>\n<\/div>\n\n<\/div><h1 class=\"bde-heading-16-103 bde-heading\">\nHablamos?\n<\/h1><div class=\"bde-text-16-104 bde-text\">\n\n<\/div><\/div>\n<\/section><section class=\"bde-section-16-125 bde-section\">\n  \n\t\n\n\n\n<div class=\"section-container\"><div class=\"bde-columns-16-126 bde-columns\"><div class=\"bde-column-16-127 bde-column\">\n  \n\t\n\n\n\n<h2 class=\"bde-heading-16-128 bde-heading\">\n\n<\/h2><div class=\"bde-text-16-129 bde-text\">\nSi desea obtener m\u00e1s informaci\u00f3n sobre los servicios que ofrecemos, deje sus datos a continuaci\u00f3n y nos comunicaremos con usted lo antes posible.\n<\/div><div class=\"bde-form-builder-16-130 bde-form-builder\">\n\n\n<form id=\"contact-form130\" class=\"breakdance-form breakdance-form--vertical\" data-options=\"{&quot;slug&quot;:&quot;custom&quot;,&quot;name&quot;:&quot;Contact Form&quot;,&quot;ajaxUrl&quot;:&quot;https:\\\/\\\/hcts-consulting.eu\\\/wp-admin\\\/admin-ajax.php&quot;,&quot;clearOnSuccess&quot;:true,&quot;hideOnSuccess&quot;:false,&quot;successMessage&quot;:&quot;The form was submitted successfully.&quot;,&quot;errorMessage&quot;:&quot;Something went wrong.&quot;,&quot;redirect&quot;:false,&quot;redirectUrl&quot;:&quot;&quot;,&quot;customJavaScript&quot;:&quot;&quot;,&quot;recaptcha&quot;:{&quot;key&quot;:&quot;&quot;,&quot;enabled&quot;:false},&quot;honeypot_enabled&quot;:true,&quot;popupsOnSuccess&quot;:[],&quot;popupsOnError&quot;:[]}\" data-steps=\"0\" action=\"\" >\n  \n  \n  \n<div class=\"breakdance-form-field breakdance-form-field--text\" >\n    \n    \n            <label class=\"breakdance-form-field__label\" for=\"name\">\n            Nombre<span class=\"breakdance-form-field__required\">*<\/span>\n        <\/label>\n    \n    <input\n    class=\"breakdance-form-field__input\"\n    id=\"name\"\n    aria-describedby=\"name\"\n    type=\"text\"\n    name=\"fields[name]\"\n    placeholder=\"Nombre\"\n    value=\"\"\n                \n        \n        \n    required\n>\n\n\n    \n    \n<\/div>\n\n\n<div class=\"breakdance-form-field breakdance-form-field--text\" >\n    \n    \n            <label class=\"breakdance-form-field__label\" for=\"mycbqy\">\n            Apellido<span class=\"breakdance-form-field__required\">*<\/span>\n        <\/label>\n    \n    <input\n    class=\"breakdance-form-field__input\"\n    id=\"mycbqy\"\n    aria-describedby=\"mycbqy\"\n    type=\"text\"\n    name=\"fields[mycbqy]\"\n    placeholder=\"Apellido\"\n    value=\"\"\n                \n        \n        \n    required\n>\n\n\n    \n    \n<\/div>\n\n\n<div class=\"breakdance-form-field breakdance-form-field--email\" >\n    \n    \n            <label class=\"breakdance-form-field__label\" for=\"email\">\n            Email<span class=\"breakdance-form-field__required\">*<\/span>\n        <\/label>\n    \n    <input\n    class=\"breakdance-form-field__input\"\n    id=\"email\"\n    aria-describedby=\"email\"\n    type=\"email\"\n    name=\"fields[email]\"\n    placeholder=\"Email\"\n    value=\"\"\n                \n        \n        \n    required\n>\n\n\n    \n    \n<\/div>\n\n\n<div class=\"breakdance-form-field breakdance-form-field--tel\" >\n    \n    \n            <label class=\"breakdance-form-field__label\" for=\"plrhme\">\n            Phone Number<span class=\"breakdance-form-field__required\">*<\/span>\n        <\/label>\n    \n    <input\n    class=\"breakdance-form-field__input\"\n    id=\"plrhme\"\n    aria-describedby=\"plrhme\"\n    type=\"tel\"\n    name=\"fields[plrhme]\"\n    placeholder=\"Tel\"\n    value=\"\"\n                \n        \n        \n    required\n>\n\n\n    \n    \n<\/div>\n\n\n<div class=\"breakdance-form-field breakdance-form-field--text\" >\n    \n    \n            <label class=\"breakdance-form-field__label\" for=\"bkqlqi\">\n            Company\n        <\/label>\n    \n    <input\n    class=\"breakdance-form-field__input\"\n    id=\"bkqlqi\"\n    aria-describedby=\"bkqlqi\"\n    type=\"text\"\n    name=\"fields[bkqlqi]\"\n    placeholder=\"EMPRESA\"\n    value=\"\"\n                \n        \n        \n    \n    \n    \n>\n\n\n    \n    \n<\/div>\n\n\n<div class=\"breakdance-form-field breakdance-form-field--textarea\" >\n    \n    \n            <label class=\"breakdance-form-field__label\" for=\"message\">\n            Mensaje\n        <\/label>\n    \n    <textarea\n    class=\"breakdance-form-field__input\"\n    id=\"message\"\n    aria-describedby=\"message\"\n    type=\"textarea\"\n    name=\"fields[message]\"\n        placeholder=\"Mensaje\"\n    \n    >\n<\/textarea>\n\n\n    \n    \n<\/div>\n\n\n<div class=\"breakdance-form-field breakdance-form-field--hpinput\" >\n    \n    \n            <label class=\"breakdance-form-field__label\" for=\"hpname\">\n            HP Name\n        <\/label>\n    \n    <input\n    class=\"breakdance-form-field__input\"\n    id=\"hpname\"\n    aria-describedby=\"hpname\"\n    type=\"hpinput\"\n    name=\"fields[hpname]\"\n    placeholder=\"\"\n    value=\"\"\n                \n        \n        \n    \n    autocomplete=\"off\"\n    tabindex=\"-1\">\n\n\n    \n    \n<\/div>\n\n\n  \n\n<div class=\"breakdance-form-field breakdance-form-footer\">\n    \n    \n                                    \n    \n    \n    \n    \n            \n            <button type=\"submit\" class=\"button-atom button-atom--primary breakdance-form-button breakdance-form-button__submit\"  >\n    \n        <span class=\"button-atom__text\">Enviar<\/span>\n\n        \n        \n            <\/button>\n    \n    <input type=\"hidden\" name=\"form_id\" value=\"130\">\n    <input type=\"hidden\" name=\"post_id\" value=\"16\">\n<\/div>\n\n  \n<input type=\"hidden\" name=\"trp-form-language\" value=\"es\"\/><\/form>\n\n\n\n<\/div>\n<\/div><div class=\"bde-column-16-131 bde-column\">\n  \n\t\n\n\n\n<div class=\"bde-image-16-133 bde-image\">\n  \n\n\n\n\n\n<figure class=\"breakdance-image breakdance-image--136\">\n\t<div class=\"breakdance-image-container\">\n\t\t<div class=\"breakdance-image-clip\">\n\t\t\t\n\t\t\t\t\n\t\t\t\t\t      \n  \n  \n  \n  \n      \n      <img loading=\"lazy\" decoding=\"async\"\n      class=\"breakdance-image-object\"\n      src=\"https:\/\/hcts-consulting.eu\/wp-content\/uploads\/2024\/02\/luca-bravo-YoelVcKWmws-unsplash-1024x683.jpg\"\n      width=\"1024\"\n      height=\"683\"\n      \n      \n                                    srcset=\"https:\/\/hcts-consulting.eu\/wp-content\/uploads\/2024\/02\/luca-bravo-YoelVcKWmws-unsplash-1024x683.jpg 1024w, https:\/\/hcts-consulting.eu\/wp-content\/uploads\/2024\/02\/luca-bravo-YoelVcKWmws-unsplash-300x200.jpg 300w, https:\/\/hcts-consulting.eu\/wp-content\/uploads\/2024\/02\/luca-bravo-YoelVcKWmws-unsplash-768x512.jpg 768w, https:\/\/hcts-consulting.eu\/wp-content\/uploads\/2024\/02\/luca-bravo-YoelVcKWmws-unsplash-1536x1024.jpg 1536w, https:\/\/hcts-consulting.eu\/wp-content\/uploads\/2024\/02\/luca-bravo-YoelVcKWmws-unsplash-2048x1365.jpg 2048w\"\n                                                                      >\n  \n\n\t\t\t\t\t\n\t\t\t\t\t\t<\/div>\n\t<\/div>\n\n\t<\/figure>\n\n<\/div>\n<\/div><\/div><\/div>\n<\/section><section class=\"bde-section-16-134 bde-section\">\n  \n\t\n\n\n\n<div class=\"section-container\"><\/div>\n<\/section>","protected":false},"excerpt":{"rendered":"<p>contact get in touch If you&#8217;d like more information about the services we offer please leave your details below and we&#8217;ll contact you as soon as possible. First name* Last name* Email* Phone Number* Company Message HP Name send message<\/p>","protected":false},"author":2,"featured_media":0,"parent":0,"menu_order":0,"comment_status":"closed","ping_status":"closed","template":"","meta":{"_breakdance_hide_in_design_set":false,"_breakdance_tags":"","footnotes":""},"class_list":["post-16","page","type-page","status-publish","hentry"],"yoast_head":"<!-- This site is optimized with the Yoast SEO plugin v22.4 - https:\/\/yoast.com\/wordpress\/plugins\/seo\/ -->\n<title>Contact - HCTS<\/title>\n<meta name=\"robots\" content=\"index, follow, max-snippet:-1, max-image-preview:large, max-video-preview:-1\" \/>\n<link rel=\"canonical\" href=\"https:\/\/hcts-consulting.eu\/es\/contact\/\" \/>\n<meta property=\"og:locale\" content=\"es_ES\" \/>\n<meta property=\"og:type\" content=\"article\" \/>\n<meta property=\"og:title\" content=\"Contact - HCTS\" \/>\n<meta property=\"og:description\" content=\"contact get in touch If you&#039;d like more information about the services we offer please leave your details below and we&#039;ll contact you as soon as possible. First name* Last name* Email* Phone Number* Company Message HP Name send message\" \/>\n<meta property=\"og:url\" content=\"https:\/\/hcts-consulting.eu\/es\/contact\/\" \/>\n<meta property=\"og:site_name\" content=\"HCTS\" \/>\n<meta property=\"article:modified_time\" content=\"2024-04-18T14:12:14+00:00\" \/>\n<meta name=\"twitter:card\" content=\"summary_large_image\" \/>\n<meta name=\"twitter:label1\" content=\"Tiempo de lectura\" \/>\n\t<meta name=\"twitter:data1\" content=\"1 minuto\" \/>\n<script type=\"application\/ld+json\" class=\"yoast-schema-graph\">{\"@context\":\"https:\/\/schema.org\",\"@graph\":[{\"@type\":\"WebPage\",\"@id\":\"https:\/\/hcts-consulting.eu\/contact\/\",\"url\":\"https:\/\/hcts-consulting.eu\/contact\/\",\"name\":\"Contact - HCTS\",\"isPartOf\":{\"@id\":\"https:\/\/hcts-consulting.eu\/#website\"},\"datePublished\":\"2024-02-09T09:03:23+00:00\",\"dateModified\":\"2024-04-18T14:12:14+00:00\",\"breadcrumb\":{\"@id\":\"https:\/\/hcts-consulting.eu\/contact\/#breadcrumb\"},\"inLanguage\":\"es\",\"potentialAction\":[{\"@type\":\"ReadAction\",\"target\":[\"https:\/\/hcts-consulting.eu\/contact\/\"]}]},{\"@type\":\"BreadcrumbList\",\"@id\":\"https:\/\/hcts-consulting.eu\/contact\/#breadcrumb\",\"itemListElement\":[{\"@type\":\"ListItem\",\"position\":1,\"name\":\"Portada\",\"item\":\"https:\/\/hcts-consulting.eu\/\"},{\"@type\":\"ListItem\",\"position\":2,\"name\":\"Contact\"}]},{\"@type\":\"WebSite\",\"@id\":\"https:\/\/hcts-consulting.eu\/#website\",\"url\":\"https:\/\/hcts-consulting.eu\/\",\"name\":\"HCTS\",\"description\":\"Here Comes The Sun\",\"potentialAction\":[{\"@type\":\"SearchAction\",\"target\":{\"@type\":\"EntryPoint\",\"urlTemplate\":\"https:\/\/hcts-consulting.eu\/?s={search_term_string}\"},\"query-input\":\"required name=search_term_string\"}],\"inLanguage\":\"es\"}]}<\/script>\n<!-- \/ Yoast SEO plugin. -->","yoast_head_json":{"title":"Contact - HCTS","robots":{"index":"index","follow":"follow","max-snippet":"max-snippet:-1","max-image-preview":"max-image-preview:large","max-video-preview":"max-video-preview:-1"},"canonical":"https:\/\/hcts-consulting.eu\/es\/contact\/","og_locale":"es_ES","og_type":"article","og_title":"Contact - HCTS","og_description":"contact get in touch If you'd like more information about the services we offer please leave your details below and we'll contact you as soon as possible. First name* Last name* Email* Phone Number* Company Message HP Name send message","og_url":"https:\/\/hcts-consulting.eu\/es\/contact\/","og_site_name":"HCTS","article_modified_time":"2024-04-18T14:12:14+00:00","twitter_card":"summary_large_image","twitter_misc":{"Tiempo de lectura":"1 minuto"},"schema":{"@context":"https:\/\/schema.org","@graph":[{"@type":"WebPage","@id":"https:\/\/hcts-consulting.eu\/contact\/","url":"https:\/\/hcts-consulting.eu\/contact\/","name":"Contact - HCTS","isPartOf":{"@id":"https:\/\/hcts-consulting.eu\/#website"},"datePublished":"2024-02-09T09:03:23+00:00","dateModified":"2024-04-18T14:12:14+00:00","breadcrumb":{"@id":"https:\/\/hcts-consulting.eu\/contact\/#breadcrumb"},"inLanguage":"es","potentialAction":[{"@type":"ReadAction","target":["https:\/\/hcts-consulting.eu\/contact\/"]}]},{"@type":"BreadcrumbList","@id":"https:\/\/hcts-consulting.eu\/contact\/#breadcrumb","itemListElement":[{"@type":"ListItem","position":1,"name":"Portada","item":"https:\/\/hcts-consulting.eu\/"},{"@type":"ListItem","position":2,"name":"Contact"}]},{"@type":"WebSite","@id":"https:\/\/hcts-consulting.eu\/#website","url":"https:\/\/hcts-consulting.eu\/","name":"HCTS","description":"Here Comes The Sun","potentialAction":[{"@type":"SearchAction","target":{"@type":"EntryPoint","urlTemplate":"https:\/\/hcts-consulting.eu\/?s={search_term_string}"},"query-input":"required name=search_term_string"}],"inLanguage":"es"}]}},"_links":{"self":[{"href":"https:\/\/hcts-consulting.eu\/es\/wp-json\/wp\/v2\/pages\/16","targetHints":{"allow":["GET"]}}],"collection":[{"href":"https:\/\/hcts-consulting.eu\/es\/wp-json\/wp\/v2\/pages"}],"about":[{"href":"https:\/\/hcts-consulting.eu\/es\/wp-json\/wp\/v2\/types\/page"}],"author":[{"embeddable":true,"href":"https:\/\/hcts-consulting.eu\/es\/wp-json\/wp\/v2\/users\/2"}],"replies":[{"embeddable":true,"href":"https:\/\/hcts-consulting.eu\/es\/wp-json\/wp\/v2\/comments?post=16"}],"version-history":[{"count":9,"href":"https:\/\/hcts-consulting.eu\/es\/wp-json\/wp\/v2\/pages\/16\/revisions"}],"predecessor-version":[{"id":231,"href":"https:\/\/hcts-consulting.eu\/es\/wp-json\/wp\/v2\/pages\/16\/revisions\/231"}],"wp:attachment":[{"href":"https:\/\/hcts-consulting.eu\/es\/wp-json\/wp\/v2\/media?parent=16"}],"curies":[{"name":"wp","href":"https:\/\/api.w.org\/{rel}","templated":true}]}}